{"id":1041,"date":"2021-04-06T15:51:34","date_gmt":"2021-04-06T14:51:34","guid":{"rendered":"https:\/\/sicona.lu\/tagungen\/?page_id=1041"},"modified":"2026-03-18T08:13:58","modified_gmt":"2026-03-18T07:13:58","slug":"programm","status":"publish","type":"page","link":"https:\/\/sicona.lu\/tagungen\/programm\/","title":{"rendered":"Programm"},"content":{"rendered":"<h3>Programm [<a href=\"https:\/\/sicona.lu\/tagungen\/wp-content\/uploads\/Tagung-Gebaeudebrueter-2025.pdf\" target=\"_blank\" rel=\"noopener\">PDF<\/a>]<\/h3>\n<h3>Freitag, 28. November 2025<\/h3>\n<p>8:00 Uhr Registrierung<\/p>\n<p>8:45 Uhr Begr\u00fc\u00dfung durch Gilles Biver, Vertreter des Umweltministeriums und SICONA Centre-Pr\u00e4sident Michel Reiland<\/p>\n<p>09:00 Uhr Aktuelle Situation der V\u00f6gel im urbanen Raum \u2013 Populationstrend und Gef\u00e4hrdung<br \/>\n<em>Eric Kraus &amp; Rick Junker, natur&amp;\u00ebmwelt<\/em><\/p>\n<p>09:30 Uhr Urban Birds \u2013 Schutzstrategien urbaner Vogelarten auf nationaler Ebene<br \/>\n<em>Catherine Kirsch &amp; Jo\u00e9 Muller, natur&amp;\u00ebmwelt, ANF<\/em><\/p>\n<p>10:00 Uhr Baustelle trifft Brutplatz \u2013 Vorschriften und Pflichten f\u00fcr den Schutz von Geb\u00e4udebr\u00fctern<br \/>\n<em>Marie-Jo Lipperts, Kelly Kieffer &amp; Mich\u00e8le Nau, ANF<\/em><\/p>\n<p>10:30 Uhr Kaffeepause<\/p>\n<p>11:00 Uhr\u00a0Wie gehen Artenschutz und Denkmalschutz Hand in Hand?<br \/>\n<em>Jean-Jacques List, INPA<\/em><\/p>\n<p>11:30 Uhr\u00a0Integration von Nistk\u00e4sten in Geb\u00e4ude: Ein Katalog f\u00fcr die Entwurfsplanung<br \/>\n<em>Manuel Meester, MPlan architecture &amp; biodiversit\u00e9<\/em><\/p>\n<p>12:00 Uhr Mittagspause<\/p>\n<p>13:00 Uhr\u00a0\u201eVogelH\u00e4user\u201c \u2013 Integration von Nistk\u00e4sten in realisierten Projekten<br \/>\n<em>Peter Merten, Merten Architekt<\/em><\/p>\n<p>13:30 Uhr\u00a0Baubegleitung und Praxisbeispiele im Geb\u00e4udebr\u00fcterschutz<br \/>\n<em>Rose-Marie Schulz, BUND Hannover<\/em><\/p>\n<p>14:00 Uhr Neue Lebensst\u00e4tten f\u00fcr Geb\u00e4udebr\u00fcter: Schwalbent\u00fcrme &amp; Co<br \/>\n<em>Monika Schulz, Naturschutzsyndikat SICONA<\/em><\/p>\n<p>14:30 Uhr\u00a0Kaffeepause<\/p>\n<p>15:00 Uhr\u00a0Bestands- und Brutplatzerfassung sowie Schaffung von attraktiven Nahrungslebensr\u00e4umen<br \/>\n<em>Claude Kolwelter, Naturschutzsyndikat SICONA<\/em><\/p>\n<p>15:30 Uhr Ausblick: Aufw\u00e4rtstrend in Sicht?!<br \/>\n<em>Claudine Felten &amp; Dr. Simone Schneider, natur&amp;\u00ebmwelt &amp; Naturschutzsyndikat SICONA<\/em><\/p>\n<p>16:00 Uhr Schlusswort von Roby Biwer, Pr\u00e4sident natur&amp;\u00ebmwelt<\/p>\n<p><strong>Tagungsort: Kulturzentrum, 10, rue de Capellen, L-8393 Olm<\/strong><\/p>\n<p>&nbsp;<\/p>\n<p>&nbsp;<\/p>\n<p>&nbsp;<\/p>\n<p>&nbsp;<\/p>\n","protected":false},"excerpt":{"rendered":"<p>Programm [PDF] Freitag, 28. November 2025 8:00 Uhr Registrierung 8:45 Uhr Begr\u00fc\u00dfung durch Gilles Biver, Vertreter des Umweltministeriums und SICONA Centre-Pr\u00e4sident Michel Reiland 09:00 Uhr Aktuelle Situation der V\u00f6gel im urbanen Raum \u2013 Populationstrend und Gef\u00e4hrdung Eric Kraus &amp; Rick Junker, natur&amp;\u00ebmwelt 09:30 Uhr Urban Birds \u2013 Schutzstrategien urbaner Vogelarten auf nationaler Ebene Catherine Kirsch &hellip; <a href=\"https:\/\/sicona.lu\/tagungen\/programm\/\" class=\"more-link\"><span class=\"screen-reader-text\">&#8222;Programm&#8220; <\/span>weiterlesen<\/a><\/p>\n","protected":false},"author":1,"featured_media":0,"parent":0,"menu_order":300,"comment_status":"closed","ping_status":"closed","template":"","meta":{"footnotes":""},"class_list":["post-1041","page","type-page","status-publish","hentry"],"_links":{"self":[{"href":"https:\/\/sicona.lu\/tagungen\/wp-json\/wp\/v2\/pages\/1041","targetHints":{"allow":["GET"]}}],"collection":[{"href":"https:\/\/sicona.lu\/tagungen\/wp-json\/wp\/v2\/pages"}],"about":[{"href":"https:\/\/sicona.lu\/tagungen\/wp-json\/wp\/v2\/types\/page"}],"author":[{"embeddable":true,"href":"https:\/\/sicona.lu\/tagungen\/wp-json\/wp\/v2\/users\/1"}],"replies":[{"embeddable":true,"href":"https:\/\/sicona.lu\/tagungen\/wp-json\/wp\/v2\/comments?post=1041"}],"version-history":[{"count":55,"href":"https:\/\/sicona.lu\/tagungen\/wp-json\/wp\/v2\/pages\/1041\/revisions"}],"predecessor-version":[{"id":1531,"href":"https:\/\/sicona.lu\/tagungen\/wp-json\/wp\/v2\/pages\/1041\/revisions\/1531"}],"wp:attachment":[{"href":"https:\/\/sicona.lu\/tagungen\/wp-json\/wp\/v2\/media?parent=1041"}],"curies":[{"name":"wp","href":"https:\/\/api.w.org\/{rel}","templated":true}]}}