{"id":289,"date":"2018-10-29T10:42:04","date_gmt":"2018-10-29T09:42:04","guid":{"rendered":"https:\/\/www.snl.lu\/florsoz2019\/?page_id=289"},"modified":"2025-02-05T07:28:36","modified_gmt":"2025-02-05T06:28:36","slug":"impressum","status":"publish","type":"page","link":"https:\/\/sicona.lu\/tagungen\/impressum\/","title":{"rendered":"Impressum"},"content":{"rendered":"\n<h2><\/h2>\n<h2>Betreiber der Website<\/h2>\n<p>Naturschutzsyndikat SICONA<br \/>\n12, rue de Capellen<br \/>\nL-8393 Olm<\/p>\n<p>Telefon: 263036-25<br \/>\nTelefax: 263036-30<br \/>\nE-Mail: administration@sicona.lu oder <a style=\"color: #ff9900;\" href=\"mailto:tagung@sicona.lu\"><span id=\"eeb-660276\">tagung@sicona.lu<\/span><\/a><\/p>\n<h2>Bildnachweis<\/h2>\n<p>Alle auf dieser Webseite dargestellten Bilder stammen von SICONA.<\/p>\n<h2>EU-Datenschutz-Grundverordnung (DSGVO)<\/h2>\n<p>Die Datenschutz-Grundverordnung (DSGVO) ist eine Verordnung der Europ\u00e4ischen Union, mit der die Regeln zur Verarbeitung personenbezogener Daten durch private Unternehmen und \u00f6ffentliche Stellen EU-weit vereinheitlicht werden. Dadurch soll einerseits der Schutz personenbezogener Daten innerhalb der Europ\u00e4ischen Union sichergestellt, und auch andererseits der freie Datenverkehr innerhalb des Europ\u00e4ischen Binnenmarktes gew\u00e4hrleistet werden.<\/p>\n<p>In diesem Zusammenhang m\u00f6chten die Betreiber dieser Webseite Sie darauf aufmerksam machen, dass Ihre Adressdaten (s.u.) nur zur Abwicklung der SICONA-Tagungen verwendet werden.<\/p>\n<p>Bankdaten werden, soweit sie vorliegen, ausschlie\u00dflich im Rahmen der \u00dcberweisung oder R\u00fcckerstattungen der Teilnahme- oder Essensgeb\u00fchren genutzt.<\/p>\n<p>Pers\u00f6nliche Daten werden von uns grunds\u00e4tzlich nicht an Dritte weitergegeben.<\/p>\n<p>Im Rahmen dieser Tagung werden nur die unbedingt zur Tagungsorganisation notwendigen Daten gespeichert, die nur zu den o.g. Zwecken genutzt werden:<\/p>\n<ol>\n<li>Titel (optional)<\/li>\n<li>Vorname<\/li>\n<li>Nachname<\/li>\n<li>Institution<\/li>\n<li>E-Mail-Adresse<\/li>\n<li>Gebuchte Teilnahmeoptionen (Tagungsteilnahme)<\/li>\n<li>Wunsch auf weitere Information\/Ank\u00fcndigungen zu Tagungen durch SICONA-Newsletter<\/li>\n<li>Datum der Registrierung<\/li>\n<li>Interne Datenbank-ID<\/li>\n<\/ol>\n<p>Rundmails werden nur als BCC (Blind Carbon Copy = Blindkopie) versandt, wodurch bei Sammelsendungen die Empf\u00e4ngeradresse f\u00fcr andere Adressaten nicht sichtbar ist.<\/p>\n<p>Wenn pers\u00f6nliche Daten aus unserem Adressverteiler gel\u00f6scht werden sollen, bitten wir um eine entsprechende Information von Ihnen, schriftlich per Post oder per E-Mail. Wir kommen diesem Wunsch, wie gesetzlich vorgegeben, umgehend nach. Beachten Sie jedoch, dass wir Ihre Daten bis zur vollst\u00e4ndigen Abwicklung der Tagung ben\u00f6tigen.<\/p>\n","protected":false},"excerpt":{"rendered":"<p>Betreiber der Website Naturschutzsyndikat SICONA 12, rue de Capellen L-8393 Olm Telefon: 263036-25 Telefax: 263036-30 E-Mail: administration@sicona.lu oder tagung@sicona.lu Bildnachweis Alle auf dieser Webseite dargestellten Bilder stammen von SICONA. EU-Datenschutz-Grundverordnung (DSGVO) Die Datenschutz-Grundverordnung (DSGVO) ist eine Verordnung der Europ\u00e4ischen Union, mit der die Regeln zur Verarbeitung personenbezogener Daten durch private Unternehmen und \u00f6ffentliche Stellen EU-weit &hellip; <a href=\"https:\/\/sicona.lu\/tagungen\/impressum\/\" class=\"more-link\"><span class=\"screen-reader-text\">&#8222;Impressum&#8220; <\/span>weiterlesen<\/a><\/p>\n","protected":false},"author":2,"featured_media":0,"parent":0,"menu_order":900,"comment_status":"closed","ping_status":"closed","template":"","meta":{"footnotes":""},"class_list":["post-289","page","type-page","status-publish","hentry"],"_links":{"self":[{"href":"https:\/\/sicona.lu\/tagungen\/wp-json\/wp\/v2\/pages\/289","targetHints":{"allow":["GET"]}}],"collection":[{"href":"https:\/\/sicona.lu\/tagungen\/wp-json\/wp\/v2\/pages"}],"about":[{"href":"https:\/\/sicona.lu\/tagungen\/wp-json\/wp\/v2\/types\/page"}],"author":[{"embeddable":true,"href":"https:\/\/sicona.lu\/tagungen\/wp-json\/wp\/v2\/users\/2"}],"replies":[{"embeddable":true,"href":"https:\/\/sicona.lu\/tagungen\/wp-json\/wp\/v2\/comments?post=289"}],"version-history":[{"count":6,"href":"https:\/\/sicona.lu\/tagungen\/wp-json\/wp\/v2\/pages\/289\/revisions"}],"predecessor-version":[{"id":1391,"href":"https:\/\/sicona.lu\/tagungen\/wp-json\/wp\/v2\/pages\/289\/revisions\/1391"}],"wp:attachment":[{"href":"https:\/\/sicona.lu\/tagungen\/wp-json\/wp\/v2\/media?parent=289"}],"curies":[{"name":"wp","href":"https:\/\/api.w.org\/{rel}","templated":true}]}}